{"id":2,"date":"2024-07-09T00:31:24","date_gmt":"2024-07-09T00:31:24","guid":{"rendered":"https:\/\/www.periodicozonaquinta.com\/?page_id=2"},"modified":"2024-11-19T18:41:00","modified_gmt":"2024-11-19T18:41:00","slug":"sample-page","status":"publish","type":"page","link":"https:\/\/www.periodicozonaquinta.com\/?page_id=2","title":{"rendered":"COMUNIDAD"},"content":{"rendered":"\n<h2 class=\"wp-block-heading\">Blasfemo en la ciudad de la furia<\/h2>\n\n\n\n<p class=\"has-small-font-size\"><strong>Roc\u00edo del Pilar Gonz\u00e1lez Leal<br>Comunicadora Social-Periodista<\/strong><\/p>\n\n\n\n<p class=\"has-medium-font-size\"><strong>Blasfemo: la historia de un joven rapero y pianista que, pese a su corta edad (17 a\u00f1os) encontr\u00f3 en la m\u00fasica la manera de expresarle al mundo su voz de protesta, para sanar las heridas personales y sociales.<\/strong><\/p>\n\n\n<div class=\"wp-block-image is-style-default\">\n<figure class=\"alignleft size-medium is-resized\"><img fetchpriority=\"high\" decoding=\"async\" width=\"300\" height=\"214\" src=\"https:\/\/www.periodicozonaquinta.com\/wp-content\/uploads\/2024\/11\/Blasfemo-ppal-2-300x214.jpg\" alt=\"\" class=\"wp-image-272\" style=\"width:209px;height:auto\" srcset=\"https:\/\/www.periodicozonaquinta.com\/wp-content\/uploads\/2024\/11\/Blasfemo-ppal-2-300x214.jpg 300w, https:\/\/www.periodicozonaquinta.com\/wp-content\/uploads\/2024\/11\/Blasfemo-ppal-2-1024x729.jpg 1024w, https:\/\/www.periodicozonaquinta.com\/wp-content\/uploads\/2024\/11\/Blasfemo-ppal-2-768x547.jpg 768w, https:\/\/www.periodicozonaquinta.com\/wp-content\/uploads\/2024\/11\/Blasfemo-ppal-2-1536x1094.jpg 1536w, https:\/\/www.periodicozonaquinta.com\/wp-content\/uploads\/2024\/11\/Blasfemo-ppal-2.jpg 1643w\" sizes=\"(max-width: 300px) 100vw, 300px\" \/><figcaption class=\"wp-element-caption\"><strong><em>\u201cLa m\u00fasica ha sido un alivio mental de varios tormentos, una forma de sanaci\u00f3n y<br>de lidiar y expresar lo que siento y lo que he vivido\u201d: Nicol\u00e1s Iriarte.<\/em><\/strong><\/figcaption><\/figure>\n<\/div>\n\n\n<p class=\"has-text-align-left\">\u201cCurar una herida f\u00edsica, curar la primera decepci\u00f3n, curar el alma, curar el dolor de todo nuestro cuerpo\u2026 por todo lo anterior. La m\u00fasica un espacio del m\u00e1s all\u00e1, un ensue\u00f1o que abriga, que acoge, que no enga\u00f1a, que es suave como el viento, pero fuerte como un<br>hurac\u00e1n. Es as\u00ed como esas bellas melod\u00edas pueden sanar nuestra alma\u201d. As\u00ed lo siente Nicol\u00e1s Iriarte Gonz\u00e1lez alias \u201cBLASFEMO\u201d este joven de 17 a\u00f1os pianista y rapero de la localidad de Kennedy, m\u00fasico desde hace 5 a\u00f1os y medio; aunque desde peque\u00f1o siempre a sus padres les pidi\u00f3 de regalo para navidad un micr\u00f3fono y guitarras para poder expresar sus sentimientos, ideas y sus gustos musicales. Su a\u00f1oranza m\u00e1s ferviente era tener un teclado, tras un d\u00eda de compras en la v\u00edspera de navidad, su madre y abuela le regalaron lo que tanto su coraz\u00f3n ped\u00eda. Desde entonces, sus pensamientos se hicieron m\u00e1s claros, entre sus libros, el conocimiento emp\u00edrico de lo social, lo pol\u00edtico, lo econ\u00f3mico y su vida marcada de fantasmas, pudo expresar lo que para \u00e9l era dif\u00edcil de sacar de su mente y de su coraz\u00f3n. Igualmente, la m\u00fasica le permiti\u00f3 servir de intermediario entre esos sentires de muchos colombianos que viven esa realidad d\u00eda a d\u00eda, expresar su inconformidad en un mundo no doliente por los j\u00f3venes, porque los juzga por su vestir, por su estilo de vida, por querer salir adelante, por no protegerlos cuando eran ni\u00f1os y ni\u00f1as, por no proteger a las mujeres a los ancianos y las personas con discapacidad.<\/p>\n\n\n\n<figure class=\"wp-block-video\"><video height=\"360\" style=\"aspect-ratio: 636 \/ 360;\" width=\"636\" controls src=\"https:\/\/www.periodicozonaquinta.com\/wp-content\/uploads\/2024\/11\/videoplayback-1.mp4\"><\/video><\/figure>\n\n\n\n<div class=\"wp-block-group is-nowrap is-layout-flex wp-container-core-group-is-layout-ad2f72ca wp-block-group-is-layout-flex\">\n<blockquote class=\"wp-block-quote is-layout-flow wp-block-quote-is-layout-flow\">\n<p>\u201cA los j\u00f3venes: que experimenten. Si no saben lo que les gusta o no saben qu\u00e9 rumbo tomar en la vida, que busquen hacer lo que quieran y que cuiden su salud mental. Ir al psic\u00f3logo no est\u00e1 mal, es necesario\u201d.<\/p>\n<\/blockquote>\n<\/div>\n\n\n\n<p class=\"has-text-align-left has-large-font-size\"><strong>Cantar para no calla<\/strong><\/p>\n\n\n\n<p class=\"has-text-align-left\">Su m\u00fasica no solo sirve para la reflexi\u00f3n, tambi\u00e9n ha sido de sanaci\u00f3n para su propio esp\u00edritu:<br><em>\u201cSiendo un pirobo l\u00fagubre y pobre, depresi\u00f3n maquillada, sonriente mi f\u00edsico lo esconde. La muerte de mis amigos el que no se pare, no es HOMBRE. Ahora mi inquietud es el d\u00f3nde; donde qued\u00f3 la gu\u00eda para ser hombre. Nos miran como ratas, pero no saben nuestro nombre\u201d (rap de blasfemo). <\/em>Con el anhelo de estudiar m\u00fasica en universidad p\u00fablica, Blasfemo, quiere que la sociedad escuche, aprenda, tolere y respete las diferencias, la diversidad, sin ser prejuzgados \u201cen un mundo lleno de religiosos hip\u00f3critas,<br>pol\u00edticos corruptos, y una falta de humanidad en todos los aspectos con j\u00f3venes, ni\u00f1os y ni\u00f1as de la localidad, la ciudad y el pa\u00eds\u201d.<br>Sus padres, sus bases fundamentales en este trasegar musical, le ense\u00f1aron desde peque\u00f1o a ser emp\u00e1tico, a aliviar, pero no a callar: <em>\u201csoy el relato que \u201colvidaste\u201d escuchar juez\u2026, el ni\u00f1o perdido, la ni\u00f1a violada, la madre golpeada, la abuela abandonada, los casos perdidos que nunca procedieron, porque decidiste que era mejor el DINERO\u201d (money, money: Blasfemo).<\/em><\/p>\n\n\n\n<p class=\"has-text-align-left\"><\/p>\n","protected":false},"excerpt":{"rendered":"<p>Blasfemo en la ciudad de la furia Roc\u00edo del Pilar Gonz\u00e1lez LealComunicadora Social-Periodista Blasfemo: la historia de un joven rapero y pianista que, pese a su corta edad (17 a\u00f1os)&#8230;<\/p>\n","protected":false},"author":1,"featured_media":263,"parent":0,"menu_order":0,"comment_status":"closed","ping_status":"open","template":"","meta":{"footnotes":""},"class_list":["post-2","page","type-page","status-publish","has-post-thumbnail","hentry"],"_links":{"self":[{"href":"https:\/\/www.periodicozonaquinta.com\/index.php?rest_route=\/wp\/v2\/pages\/2","targetHints":{"allow":["GET"]}}],"collection":[{"href":"https:\/\/www.periodicozonaquinta.com\/index.php?rest_route=\/wp\/v2\/pages"}],"about":[{"href":"https:\/\/www.periodicozonaquinta.com\/index.php?rest_route=\/wp\/v2\/types\/page"}],"author":[{"embeddable":true,"href":"https:\/\/www.periodicozonaquinta.com\/index.php?rest_route=\/wp\/v2\/users\/1"}],"replies":[{"embeddable":true,"href":"https:\/\/www.periodicozonaquinta.com\/index.php?rest_route=%2Fwp%2Fv2%2Fcomments&post=2"}],"version-history":[{"count":18,"href":"https:\/\/www.periodicozonaquinta.com\/index.php?rest_route=\/wp\/v2\/pages\/2\/revisions"}],"predecessor-version":[{"id":298,"href":"https:\/\/www.periodicozonaquinta.com\/index.php?rest_route=\/wp\/v2\/pages\/2\/revisions\/298"}],"wp:featuredmedia":[{"embeddable":true,"href":"https:\/\/www.periodicozonaquinta.com\/index.php?rest_route=\/wp\/v2\/media\/263"}],"wp:attachment":[{"href":"https:\/\/www.periodicozonaquinta.com\/index.php?rest_route=%2Fwp%2Fv2%2Fmedia&parent=2"}],"curies":[{"name":"wp","href":"https:\/\/api.w.org\/{rel}","templated":true}]}}